{"id":191,"date":"2020-04-03T16:02:56","date_gmt":"2020-04-03T13:02:56","guid":{"rendered":"http:\/\/77.240.19.19\/~blackandwhitethe\/?page_id=191"},"modified":"2022-05-26T16:44:43","modified_gmt":"2022-05-26T13:44:43","slug":"kannatusjasenyys","status":"publish","type":"page","link":"https:\/\/blackandwhitetheatre.fi\/en\/teatteri\/kannatusjasenyys\/","title":{"rendered":"Supporting membership"},"content":{"rendered":"<p><\/p>\n<h1>Supporting membership<\/h1>\n<p>You can support our activity by joining the <strong>Black and White Theatre Association<\/strong>, as a supporting member. Supporting Membership costs 35 euros per year. Associations or corporations may be related also, in which case the annual fee is $ 50. As a member of the support you can get 25% discount on the <strong>Black and White Theatre Festival<\/strong> ticket price, as well as the opportunity to meet guests and participants of festival and enjoy the theatral atmosphere.<\/p>\n<p><strong>You can sign up as a supporting member using the form below.<\/strong><\/p>\n\n<div class=\"wpcf7 no-js\" id=\"wpcf7-f228-o2\" lang=\"fi\" dir=\"ltr\" data-wpcf7-id=\"228\">\n<div class=\"screen-reader-response\"><p role=\"status\" aria-live=\"polite\" aria-atomic=\"true\"><\/p> <ul><\/ul><\/div>\n<form action=\"\/en\/wp-json\/wp\/v2\/pages\/191#wpcf7-f228-o2\" method=\"post\" class=\"wpcf7-form init\" aria-label=\"Yhteydenottolomake\" novalidate=\"novalidate\" data-status=\"init\">\n<fieldset class=\"hidden-fields-container\"><input type=\"hidden\" name=\"_wpcf7\" value=\"228\" \/><input type=\"hidden\" name=\"_wpcf7_version\" value=\"6.1.5\" \/><input type=\"hidden\" name=\"_wpcf7_locale\" value=\"fi\" \/><input type=\"hidden\" name=\"_wpcf7_unit_tag\" value=\"wpcf7-f228-o2\" \/><input type=\"hidden\" name=\"_wpcf7_container_post\" value=\"0\" \/><input type=\"hidden\" name=\"_wpcf7_posted_data_hash\" value=\"\" \/>\n<\/fieldset>\n<div class=\"fields\">\n\t<p><label class=\"field clearfix\"><br \/>\n<span class=\"fieldtext\">Etunimi<\/span><br \/>\n<span class=\"thefield\"><span class=\"wpcf7-form-control-wrap\" data-name=\"your-name\"><input size=\"40\" maxlength=\"400\" class=\"wpcf7-form-control wpcf7-text wpcf7-validates-as-required\" aria-required=\"true\" aria-invalid=\"false\" value=\"\" type=\"text\" name=\"your-name\" \/><\/span><\/span><br \/>\n<\/label><br \/>\n<label class=\"field clearfix\"><br \/>\n<span class=\"fieldtext\">Sukunimi<\/span><br \/>\n<span class=\"thefield\"><span class=\"wpcf7-form-control-wrap\" data-name=\"your-name2\"><input size=\"40\" maxlength=\"400\" class=\"wpcf7-form-control wpcf7-text wpcf7-validates-as-required\" aria-required=\"true\" aria-invalid=\"false\" value=\"\" type=\"text\" name=\"your-name2\" \/><\/span><\/span><br \/>\n<\/label><br \/>\n<label class=\"field clearfix\"><br \/>\n<span class=\"fieldtext\">S\u00e4hk\u00f6posti<\/span><br \/>\n<span class=\"thefield\"><span class=\"wpcf7-form-control-wrap\" data-name=\"your-email\"><input size=\"40\" maxlength=\"400\" class=\"wpcf7-form-control wpcf7-email wpcf7-text wpcf7-validates-as-email\" aria-invalid=\"false\" value=\"\" type=\"email\" name=\"your-email\" \/><\/span><\/span><br \/>\n<\/label><br \/>\n<label class=\"field clearfix\"><br \/>\n<span class=\"fieldtext\">Puhelin<\/span><br \/>\n<span class=\"thefield\"><span class=\"wpcf7-form-control-wrap\" data-name=\"your-phone\"><input size=\"40\" maxlength=\"400\" class=\"wpcf7-form-control wpcf7-tel wpcf7-text wpcf7-validates-as-tel\" aria-invalid=\"false\" value=\"\" type=\"tel\" name=\"your-phone\" \/><\/span><\/span><br \/>\n<\/label><br \/>\n<label class=\"field clearfix\"><br \/>\n<span class=\"fieldtext\">Haluan maksutiedon...<\/span><br \/>\n<span class=\"thefield\"><span class=\"wpcf7-form-control-wrap\" data-name=\"your-select\"><select class=\"wpcf7-form-control wpcf7-select\" aria-invalid=\"false\" name=\"your-select\"><option value=\"S\u00e4hk\u00f6postitse\">S\u00e4hk\u00f6postitse<\/option><option value=\"Postitse\">Postitse<\/option><\/select><\/span><\/span><br \/>\n<\/label><br \/>\n<label class=\"field clearfix\"><br \/>\n<span class=\"fieldtext\">Lis\u00e4tietoja<\/span><br \/>\n<span class=\"thefield\"><span class=\"wpcf7-form-control-wrap\" data-name=\"your-message\"><textarea cols=\"40\" rows=\"10\" maxlength=\"2000\" class=\"wpcf7-form-control wpcf7-textarea autosize\" aria-invalid=\"false\" name=\"your-message\"><\/textarea><\/span><\/span><br \/>\n<\/label>\n\t<\/p>\n\t<div style=\"font-size:0.8em;line-height:1.2em;margin-top:0.25em;\">\n\t\t<p>Mainitsethan t\u00e4ss\u00e4, jos haluat Mustan ja Valkoisen teatteriyhdistyksen uutiskirjeen. Voit my\u00f6s halutessasi kirjoittaa vapaamuotoisen viestin.\n\t\t<\/p>\n\t<\/div>\n\t<div class=\"field clearfix\">\n\t\t<p><span class=\"thefield\"><input class=\"wpcf7-form-control wpcf7-submit has-spinner\" type=\"submit\" value=\"L\u00e4het\u00e4\" \/><\/span>\n\t\t<\/p>\n\t<\/div>\n<\/div><div class=\"wpcf7-response-output\" aria-hidden=\"true\"><\/div>\n<\/form>\n<\/div>\n\n<p><\/p>","protected":false},"excerpt":{"rendered":"<p>Supporting membership You can support our activity by joining the Black and White Theatre Association, as a supporting member. Supporting [&hellip;]<\/p>\n","protected":false},"author":1,"featured_media":744,"parent":202,"menu_order":16,"comment_status":"closed","ping_status":"closed","template":"","meta":{"footnotes":""},"class_list":["post-191","page","type-page","status-publish","has-post-thumbnail","hentry"],"_links":{"self":[{"href":"https:\/\/blackandwhitetheatre.fi\/en\/wp-json\/wp\/v2\/pages\/191","targetHints":{"allow":["GET"]}}],"collection":[{"href":"https:\/\/blackandwhitetheatre.fi\/en\/wp-json\/wp\/v2\/pages"}],"about":[{"href":"https:\/\/blackandwhitetheatre.fi\/en\/wp-json\/wp\/v2\/types\/page"}],"author":[{"embeddable":true,"href":"https:\/\/blackandwhitetheatre.fi\/en\/wp-json\/wp\/v2\/users\/1"}],"replies":[{"embeddable":true,"href":"https:\/\/blackandwhitetheatre.fi\/en\/wp-json\/wp\/v2\/comments?post=191"}],"version-history":[{"count":4,"href":"https:\/\/blackandwhitetheatre.fi\/en\/wp-json\/wp\/v2\/pages\/191\/revisions"}],"predecessor-version":[{"id":639,"href":"https:\/\/blackandwhitetheatre.fi\/en\/wp-json\/wp\/v2\/pages\/191\/revisions\/639"}],"up":[{"embeddable":true,"href":"https:\/\/blackandwhitetheatre.fi\/en\/wp-json\/wp\/v2\/pages\/202"}],"wp:featuredmedia":[{"embeddable":true,"href":"https:\/\/blackandwhitetheatre.fi\/en\/wp-json\/wp\/v2\/media\/744"}],"wp:attachment":[{"href":"https:\/\/blackandwhitetheatre.fi\/en\/wp-json\/wp\/v2\/media?parent=191"}],"curies":[{"name":"wp","href":"https:\/\/api.w.org\/{rel}","templated":true}]}}