{"id":267,"date":"2020-04-28T13:03:05","date_gmt":"2020-04-28T10:03:05","guid":{"rendered":"http:\/\/77.240.19.19\/~blackandwhitethe\/?page_id=267"},"modified":"2020-07-29T09:29:11","modified_gmt":"2020-07-29T06:29:11","slug":"intohimo","status":"publish","type":"page","link":"https:\/\/blackandwhitetheatre.fi\/ru\/teatteri\/intohimo\/","title":{"rendered":"\u0421\u0442\u0440\u0430\u0441\u0442\u044c"},"content":{"rendered":"<p><\/p>\n<header class=\"entry-header\">\n<h1 class=\"entry-title\">Intohimo<\/h1>\n<\/header>\n<div class=\"entry-content\">\n<p>Kamran Shahmardanin ohjaama n\u00e4ytelm\u00e4 Intohimo Pietarissa&nbsp;<a href=\"http:\/\/teatr-aleko.ru\/\" target=\"_blank\" rel=\"noopener noreferrer\">Teatteri Alekossa<\/a>&nbsp;yhteisty\u00f6ss\u00e4&nbsp;<a href=\"http:\/\/www.taike.fi\/fi\/etusivu\" target=\"_blank\" rel=\"noopener noreferrer\">Taiteen edist\u00e4iskeskuksen<\/a>&nbsp;ja&nbsp;<a href=\"http:\/\/www.tinfo.fi\/\" target=\"_blank\" rel=\"noopener noreferrer\">Tinfon<\/a>&nbsp; kanssa kanssa. Ensi-ilta oli 27.5.2016. Esitykset jatkuivat syksyll\u00e4 2016 ja kev\u00e4\u00e4ll\u00e4 2017.<\/p>\n<div id=\"gallery-1\" class=\"gallery galleryid-1644 gallery-columns-3 gallery-size-thumbnail\">\n<dl class=\"gallery-item\">\n<dt class=\"gallery-icon landscape\"><a href=\"https:\/\/blackandwhitetheatre.net\/teatteri\/elchin-murhaaja-mustan-ja-valkoisen-teatteri-teatteri-baltic-house-pietari-2012\/img_0148\/\" data-slb-active=\"1\" data-slb-asset=\"1483969658\" data-slb-internal=\"315\" data-slb-group=\"1644\"><img loading=\"lazy\" decoding=\"async\" class=\"attachment-thumbnail size-thumbnail\" src=\"https:\/\/blackandwhitetheatre.net\/wp-content\/uploads\/2014\/01\/IMG_0148-400x400.jpg\" sizes=\"auto, (max-width: 400px) 100vw, 400px\" srcset=\"https:\/\/blackandwhitetheatre.net\/wp-content\/uploads\/2014\/01\/IMG_0148-400x400.jpg 400w, https:\/\/blackandwhitetheatre.net\/wp-content\/uploads\/2014\/01\/IMG_0148-200x200.jpg 200w\" alt=\"IMG_0148\" width=\"400\" height=\"400\"><\/a><\/dt>\n<\/dl>\n<dl class=\"gallery-item\">\n<dt class=\"gallery-icon landscape\"><a href=\"https:\/\/blackandwhitetheatre.net\/teatteri\/elchin-murhaaja-mustan-ja-valkoisen-teatteri-teatteri-baltic-house-pietari-2012\/img_0136\/\" data-slb-active=\"1\" data-slb-asset=\"881391418\" data-slb-internal=\"314\" data-slb-group=\"1644\"><img loading=\"lazy\" decoding=\"async\" class=\"attachment-thumbnail size-thumbnail\" src=\"https:\/\/blackandwhitetheatre.net\/wp-content\/uploads\/2014\/01\/IMG_0136-400x400.jpg\" sizes=\"auto, (max-width: 400px) 100vw, 400px\" srcset=\"https:\/\/blackandwhitetheatre.net\/wp-content\/uploads\/2014\/01\/IMG_0136-400x400.jpg 400w, https:\/\/blackandwhitetheatre.net\/wp-content\/uploads\/2014\/01\/IMG_0136-200x200.jpg 200w\" alt=\"IMG_0136\" width=\"400\" height=\"400\"><\/a><\/dt>\n<\/dl>\n<dl class=\"gallery-item\">\n<dt class=\"gallery-icon portrait\"><a href=\"https:\/\/blackandwhitetheatre.net\/teatteri\/elchin-murhaaja-mustan-ja-valkoisen-teatteri-teatteri-baltic-house-pietari-2012\/img_0093\/\" data-slb-active=\"1\" data-slb-asset=\"2068481272\" data-slb-internal=\"313\" data-slb-group=\"1644\"><img loading=\"lazy\" decoding=\"async\" class=\"attachment-thumbnail size-thumbnail\" src=\"https:\/\/blackandwhitetheatre.net\/wp-content\/uploads\/2014\/01\/IMG_0093-400x400.jpg\" sizes=\"auto, (max-width: 400px) 100vw, 400px\" srcset=\"https:\/\/blackandwhitetheatre.net\/wp-content\/uploads\/2014\/01\/IMG_0093-400x400.jpg 400w, https:\/\/blackandwhitetheatre.net\/wp-content\/uploads\/2014\/01\/IMG_0093-200x200.jpg 200w\" alt=\"IMG_0093\" width=\"400\" height=\"400\"><\/a><\/dt>\n<\/dl>\n<p><\/p>\n<dl class=\"gallery-item\">\n<dt class=\"gallery-icon landscape\"><a href=\"https:\/\/blackandwhitetheatre.net\/teatteri\/elchin-murhaaja-mustan-ja-valkoisen-teatteri-teatteri-baltic-house-pietari-2012\/img_0338-%d0%ba\/\" data-slb-active=\"1\" data-slb-asset=\"2057950773\" data-slb-internal=\"307\" data-slb-group=\"1644\"><img loading=\"lazy\" decoding=\"async\" class=\"attachment-thumbnail size-thumbnail\" src=\"https:\/\/blackandwhitetheatre.net\/wp-content\/uploads\/2014\/01\/IMG_0338-%D0%BA-400x400.jpg\" sizes=\"auto, (max-width: 400px) 100vw, 400px\" srcset=\"https:\/\/blackandwhitetheatre.net\/wp-content\/uploads\/2014\/01\/IMG_0338-\u043a-400x400.jpg 400w, https:\/\/blackandwhitetheatre.net\/wp-content\/uploads\/2014\/01\/IMG_0338-\u043a-200x200.jpg 200w\" alt=\"IMG_0338-\u043a\" width=\"400\" height=\"400\"><\/a><\/dt>\n<\/dl>\n<dl class=\"gallery-item\">\n<dt class=\"gallery-icon landscape\"><a href=\"https:\/\/blackandwhitetheatre.net\/teatteri\/elchin-murhaaja-mustan-ja-valkoisen-teatteri-teatteri-baltic-house-pietari-2012\/img_0012\/\" data-slb-active=\"1\" data-slb-asset=\"143708622\" data-slb-internal=\"309\" data-slb-group=\"1644\"><img loading=\"lazy\" decoding=\"async\" class=\"attachment-thumbnail size-thumbnail\" src=\"https:\/\/blackandwhitetheatre.net\/wp-content\/uploads\/2014\/01\/IMG_0012-400x400.jpg\" sizes=\"auto, (max-width: 400px) 100vw, 400px\" srcset=\"https:\/\/blackandwhitetheatre.net\/wp-content\/uploads\/2014\/01\/IMG_0012-400x400.jpg 400w, https:\/\/blackandwhitetheatre.net\/wp-content\/uploads\/2014\/01\/IMG_0012-200x200.jpg 200w\" alt=\"IMG_0012\" width=\"400\" height=\"400\"><\/a><\/dt>\n<\/dl>\n<dl class=\"gallery-item\">\n<dt class=\"gallery-icon portrait\"><a href=\"https:\/\/blackandwhitetheatre.net\/teatteri\/elchin-murhaaja-mustan-ja-valkoisen-teatteri-teatteri-baltic-house-pietari-2012\/img_0022\/\" data-slb-active=\"1\" data-slb-asset=\"1470317417\" data-slb-internal=\"310\" data-slb-group=\"1644\"><img loading=\"lazy\" decoding=\"async\" class=\"attachment-thumbnail size-thumbnail\" src=\"https:\/\/blackandwhitetheatre.net\/wp-content\/uploads\/2014\/01\/IMG_0022-400x400.jpg\" sizes=\"auto, (max-width: 400px) 100vw, 400px\" srcset=\"https:\/\/blackandwhitetheatre.net\/wp-content\/uploads\/2014\/01\/IMG_0022-400x400.jpg 400w, https:\/\/blackandwhitetheatre.net\/wp-content\/uploads\/2014\/01\/IMG_0022-200x200.jpg 200w\" alt=\"IMG_0022\" width=\"400\" height=\"400\"><\/a><\/dt>\n<\/dl>\n<\/div>\n<p class=\"p1\"><span class=\"s1\">N\u00e4ytelm\u00e4 kertoo kertoo nuoresta miehest\u00e4 joka huolehtii naisista helpon rahan toivossa. H\u00e4n tapaa entisen opettajansa, johon oli ollut rakastununeena lapsuudessaan. Heid\u00e4n v\u00e4lillens\u00e4 kehittyy rakkaustarina, mutta rakkaudesta huolimatta mies k\u00e4ytt\u00e4\u00e4 naista hyv\u00e4ksi. Tarina opettajan kanssa ahdistaa h\u00e4nt\u00e4, joten ep\u00e4toivoisena ja voimattomana h\u00e4n pilkkaa naista. Nainen on kuitenkin henkisesti miest\u00e4 huomattavasti vahvempi. H\u00e4n rakastaa miest\u00e4 ja haluaa pelastaa h\u00e4net. Tarina p\u00e4\u00e4ttyy traagisesti, sill\u00e4 aivan alusta asti on uhri etsinyt pelastajaansa<b>.<\/b><\/span><\/p>\n<p class=\"p1\"><strong>Ohjaaja: Kamran Shahmardan<\/strong><br \/>Lavastus ja pukusuunnittelu: Valeri Polunovski<br \/>Koreografi: Natalia kasparova<br \/>Valosuunnittelija: Denis Zaikin<br \/>Video: Maksim Poleshuk<\/p>\n<p class=\"p1\">N\u00e4yttelij\u00e4t:<br \/>Natalya Popova<br \/>Valerij Stepanov<br \/>Ekaterina Cherednik<br \/>Aleksei &nbsp;Ingelevich<\/p>\n<\/div>\n<p><\/p>","protected":false},"excerpt":{"rendered":"<p>Intohimo Kamran Shahmardanin ohjaama n\u00e4ytelm\u00e4 Intohimo Pietarissa&nbsp;Teatteri Alekossa&nbsp;yhteisty\u00f6ss\u00e4&nbsp;Taiteen edist\u00e4iskeskuksen&nbsp;ja&nbsp;Tinfon&nbsp; kanssa kanssa. Ensi-ilta oli 27.5.2016. Esitykset jatkuivat syksyll\u00e4 2016 ja kev\u00e4\u00e4ll\u00e4 [&hellip;]<\/p>\n","protected":false},"author":2,"featured_media":0,"parent":202,"menu_order":24,"comment_status":"closed","ping_status":"closed","template":"","meta":{"footnotes":""},"class_list":["post-267","page","type-page","status-publish","hentry"],"_links":{"self":[{"href":"https:\/\/blackandwhitetheatre.fi\/ru\/wp-json\/wp\/v2\/pages\/267","targetHints":{"allow":["GET"]}}],"collection":[{"href":"https:\/\/blackandwhitetheatre.fi\/ru\/wp-json\/wp\/v2\/pages"}],"about":[{"href":"https:\/\/blackandwhitetheatre.fi\/ru\/wp-json\/wp\/v2\/types\/page"}],"author":[{"embeddable":true,"href":"https:\/\/blackandwhitetheatre.fi\/ru\/wp-json\/wp\/v2\/users\/2"}],"replies":[{"embeddable":true,"href":"https:\/\/blackandwhitetheatre.fi\/ru\/wp-json\/wp\/v2\/comments?post=267"}],"version-history":[{"count":4,"href":"https:\/\/blackandwhitetheatre.fi\/ru\/wp-json\/wp\/v2\/pages\/267\/revisions"}],"predecessor-version":[{"id":341,"href":"https:\/\/blackandwhitetheatre.fi\/ru\/wp-json\/wp\/v2\/pages\/267\/revisions\/341"}],"up":[{"embeddable":true,"href":"https:\/\/blackandwhitetheatre.fi\/ru\/wp-json\/wp\/v2\/pages\/202"}],"wp:attachment":[{"href":"https:\/\/blackandwhitetheatre.fi\/ru\/wp-json\/wp\/v2\/media?parent=267"}],"curies":[{"name":"wp","href":"https:\/\/api.w.org\/{rel}","templated":true}]}}